{"id":1381,"date":"2022-07-11T14:21:27","date_gmt":"2022-07-11T12:21:27","guid":{"rendered":"https:\/\/ravensburger-foreignrights.com\/?page_id=1381"},"modified":"2025-09-29T10:16:13","modified_gmt":"2025-09-29T09:16:13","slug":"ueber-uns","status":"publish","type":"page","link":"https:\/\/ravensburger-foreignrights.com\/de\/ueber-uns\/","title":{"rendered":"Kontakt"},"content":{"rendered":"<section class=\"default colorful-header relative  \">\n    <div class=\"flex flex-col  items-center  max-w-2xl px-5 pt-12 pb-5 mx-auto text-center md:pt-20 p-2 md:p-4 md:pb-primary dark:bg-dark dark:text-white   \">\n\n        <div class=\"max-w-max align-center\">\n            <h1 class='headline-element text-align-center  headline-h1 headline-red'>Kontakt<\/h1>        <\/div>\n\n                    <div class=\" text-sm md:text-base flex flex-col py-8 text-brown mx-auto align-center\">\n                <p>Wir korrespondieren in Englisch, Franz\u00f6sisch, Italienisch, Spanisch und Deutsch. Kontaktieren Sie uns bzw. unsere Agenturen und melden Sie sich gerne f\u00fcr unseren Newsletter an. Wir freuen uns darauf, von Ihnen zu h\u00f6ren!<\/p>\n            <\/div>\n        \n                    <a href=\"#newsletter\" class=\"btn btn-primary btn-lg align-center\">Jetzt zum Newsletter anmelden<\/a>\n            <\/div>\n<\/section>\n\n<section class=\"teaser-small-section light\">\n    <div class=\"dark:bg-dark dark:text-white\">\n        <div class=\"px-5 mx-auto max-w-master 2xl:px-0 py-primary\">\n            <div class=\"grid gap-5 gap-y-16 xs:grid-cols-2 md:grid-cols-3 lg:grid-cols-4\">\n                <div class=\"teaser-small-single\">\n                        <div class=\"overflow-hidden mb-6 teaser-small-single-image aspect-w-1 aspect-h-1\">\n                    <img loading=\"lazy\" decoding=\"async\" width=\"2560\" height=\"2560\" src=\"https:\/\/ravensburger-foreignrights.com\/wp-content\/uploads\/2022\/07\/colorcubes_florence-scaled.jpg\" class=\"h-full w-full object-cover z-0 transform scale-105 transition duration-300\" alt=\"\" srcset=\"https:\/\/ravensburger-foreignrights.com\/wp-content\/uploads\/2022\/07\/colorcubes_florence-scaled.jpg 2560w, https:\/\/ravensburger-foreignrights.com\/wp-content\/uploads\/2022\/07\/colorcubes_florence-300x300.jpg 300w, https:\/\/ravensburger-foreignrights.com\/wp-content\/uploads\/2022\/07\/colorcubes_florence-1024x1024.jpg 1024w, https:\/\/ravensburger-foreignrights.com\/wp-content\/uploads\/2022\/07\/colorcubes_florence-150x150.jpg 150w, https:\/\/ravensburger-foreignrights.com\/wp-content\/uploads\/2022\/07\/colorcubes_florence-768x768.jpg 768w, https:\/\/ravensburger-foreignrights.com\/wp-content\/uploads\/2022\/07\/colorcubes_florence-1536x1536.jpg 1536w, https:\/\/ravensburger-foreignrights.com\/wp-content\/uploads\/2022\/07\/colorcubes_florence-2048x2048.jpg 2048w\" sizes=\"auto, (max-width: 2560px) 100vw, 2560px\" \/>                <\/div>\n                <\/a>             <div class=\"break-words content text-brown\">\n                <p class='headline-element text-left w-full pb-6 font-primaryBold'>Florence Roux <br>Senior Licensing Sales Manager Books\/Games<\/p>                                    <p class=\"pb-6 w-full text-base leading-6\"><strong>Filmrechte<\/strong> weltweit<br>\r\n<strong>Merchandising Rechte<\/strong> weltweit<br><\/p>\n                                    <a href=\"tel:+49 (0) 751 - 86 - 12 40\" class=\"w-full text-base underline text-[#0058A2]  hover:!text-[#002C58]\">+49 (0) 751 &#8211; 86 &#8211; 12 40<\/a>\n                                    <a href=\"mailto:florence.roux@ravensburger.de\" class=\"w-full text-base email underline text-[#0058A2]  hover:!text-[#002C58]\">florence.roux@ravensburger.de<\/a>\n                            <\/div>\n    <\/div>\n    <div class=\"teaser-small-single\">\n                        <div class=\"overflow-hidden mb-6 teaser-small-single-image aspect-w-1 aspect-h-1\">\n                    <img loading=\"lazy\" decoding=\"async\" width=\"2560\" height=\"2560\" src=\"https:\/\/ravensburger-foreignrights.com\/wp-content\/uploads\/2022\/07\/colorcubes_lucia-scaled.jpg\" class=\"h-full w-full object-cover z-0 transform scale-105 transition duration-300\" alt=\"\" srcset=\"https:\/\/ravensburger-foreignrights.com\/wp-content\/uploads\/2022\/07\/colorcubes_lucia-scaled.jpg 2560w, https:\/\/ravensburger-foreignrights.com\/wp-content\/uploads\/2022\/07\/colorcubes_lucia-300x300.jpg 300w, https:\/\/ravensburger-foreignrights.com\/wp-content\/uploads\/2022\/07\/colorcubes_lucia-1024x1024.jpg 1024w, https:\/\/ravensburger-foreignrights.com\/wp-content\/uploads\/2022\/07\/colorcubes_lucia-150x150.jpg 150w, https:\/\/ravensburger-foreignrights.com\/wp-content\/uploads\/2022\/07\/colorcubes_lucia-768x768.jpg 768w, https:\/\/ravensburger-foreignrights.com\/wp-content\/uploads\/2022\/07\/colorcubes_lucia-1536x1536.jpg 1536w, https:\/\/ravensburger-foreignrights.com\/wp-content\/uploads\/2022\/07\/colorcubes_lucia-2048x2048.jpg 2048w\" sizes=\"auto, (max-width: 2560px) 100vw, 2560px\" \/>                <\/div>\n                <\/a>             <div class=\"break-words content text-brown\">\n                <p class='headline-element text-left w-full pb-6 font-primaryBold'>Luc\u00eda Borrero <br>Sales Manager <br> Books<\/p>                                    <p class=\"pb-6 w-full text-base leading-6\"><strong>\u00dcbersetzungsrechte B\u00fccher<\/strong><br>\r\nOsteuropa (au\u00dfer Polen, Slowakei, Slowenien und Tschechien)<br>\r\nRussland, Ukraine, Balkan<br>\r\nPortugiesische Rechte weltweit<br>\r\nSpanische Rechte weltweit<br><\/p>\n                                    <a href=\"tel:+49 (0) 751 - 86 - 12 41\" class=\"w-full text-base underline text-[#0058A2]  hover:!text-[#002C58]\">+49 (0) 751 &#8211; 86 &#8211; 12 41<\/a>\n                                    <a href=\"mailto:lucia.borrero@ravensburger.de\" class=\"w-full text-base email underline text-[#0058A2]  hover:!text-[#002C58]\">lucia.borrero@ravensburger.de<\/a>\n                            <\/div>\n    <\/div>\n    <div class=\"teaser-small-single\">\n                        <div class=\"overflow-hidden mb-6 teaser-small-single-image aspect-w-1 aspect-h-1\">\n                    <img loading=\"lazy\" decoding=\"async\" width=\"2560\" height=\"2560\" src=\"https:\/\/ravensburger-foreignrights.com\/wp-content\/uploads\/2022\/07\/colorcubes_maike-scaled.jpg\" class=\"h-full w-full object-cover z-0 transform scale-105 transition duration-300\" alt=\"\" srcset=\"https:\/\/ravensburger-foreignrights.com\/wp-content\/uploads\/2022\/07\/colorcubes_maike-scaled.jpg 2560w, https:\/\/ravensburger-foreignrights.com\/wp-content\/uploads\/2022\/07\/colorcubes_maike-300x300.jpg 300w, https:\/\/ravensburger-foreignrights.com\/wp-content\/uploads\/2022\/07\/colorcubes_maike-1024x1024.jpg 1024w, https:\/\/ravensburger-foreignrights.com\/wp-content\/uploads\/2022\/07\/colorcubes_maike-150x150.jpg 150w, https:\/\/ravensburger-foreignrights.com\/wp-content\/uploads\/2022\/07\/colorcubes_maike-768x768.jpg 768w, https:\/\/ravensburger-foreignrights.com\/wp-content\/uploads\/2022\/07\/colorcubes_maike-1536x1536.jpg 1536w, https:\/\/ravensburger-foreignrights.com\/wp-content\/uploads\/2022\/07\/colorcubes_maike-2048x2048.jpg 2048w\" sizes=\"auto, (max-width: 2560px) 100vw, 2560px\" \/>                <\/div>\n                <\/a>             <div class=\"break-words content text-brown\">\n                <p class='headline-element text-left w-full pb-6 font-primaryBold'>Maike Heinemann <br>Sales Manager <br> Books\/Games<\/p>                                    <p class=\"pb-6 w-full text-base leading-6\"><strong>\u00dcbersetzungsrechte B\u00fccher<\/strong><br>\r\nAsien<br>\r\nAfrika, Naher Osten &#038; T\u00fcrkei<br>\r\nBenelux L\u00e4nder, Griechenland, Italien<br> \r\nPolen, Slowakei, Tschechien<br>\r\nEnglische Rechte weltweit<br>\r\nFranz\u00f6sische Rechte weltweit<br>\r\n<br>\r\n<strong>Inlandsrechte B\u00fccher<\/strong> Deutschland<br>\r\n<br>\r\n<strong>\u00dcbersetzungsrechte Spiele<\/strong> weltweit<br><\/p>\n                                    <a href=\"tel:+49 (0) 751 - 86 - 11 22\" class=\"w-full text-base underline text-[#0058A2]  hover:!text-[#002C58]\">+49 (0) 751 &#8211; 86 &#8211; 11 22<\/a>\n                                    <a href=\"mailto:maike.heinemann@ravensburger.de\" class=\"w-full text-base email underline text-[#0058A2]  hover:!text-[#002C58]\">maike.heinemann@ravensburger.de<\/a>\n                            <\/div>\n    <\/div>\n    <div class=\"teaser-small-single\">\n                        <div class=\"overflow-hidden mb-6 teaser-small-single-image aspect-w-1 aspect-h-1\">\n                    <img loading=\"lazy\" decoding=\"async\" width=\"2560\" height=\"2560\" src=\"https:\/\/ravensburger-foreignrights.com\/wp-content\/uploads\/2022\/07\/colorcubes_nadine-scaled.jpg\" class=\"h-full w-full object-cover z-0 transform scale-105 transition duration-300\" alt=\"\" srcset=\"https:\/\/ravensburger-foreignrights.com\/wp-content\/uploads\/2022\/07\/colorcubes_nadine-scaled.jpg 2560w, https:\/\/ravensburger-foreignrights.com\/wp-content\/uploads\/2022\/07\/colorcubes_nadine-300x300.jpg 300w, https:\/\/ravensburger-foreignrights.com\/wp-content\/uploads\/2022\/07\/colorcubes_nadine-1024x1024.jpg 1024w, https:\/\/ravensburger-foreignrights.com\/wp-content\/uploads\/2022\/07\/colorcubes_nadine-150x150.jpg 150w, https:\/\/ravensburger-foreignrights.com\/wp-content\/uploads\/2022\/07\/colorcubes_nadine-768x768.jpg 768w, https:\/\/ravensburger-foreignrights.com\/wp-content\/uploads\/2022\/07\/colorcubes_nadine-1536x1536.jpg 1536w, https:\/\/ravensburger-foreignrights.com\/wp-content\/uploads\/2022\/07\/colorcubes_nadine-2048x2048.jpg 2048w\" sizes=\"auto, (max-width: 2560px) 100vw, 2560px\" \/>                <\/div>\n                <\/a>             <div class=\"break-words content text-brown\">\n                <p class='headline-element text-left w-full pb-6 font-primaryBold'>Nadine Alapa&#8217;i <br>Project Manager <br> Books\/Games<\/p>                                    <p class=\"pb-6 w-full text-base leading-6\"><strong>\u00dcbersetzungsrechte B\u00fccher<\/strong><br>\r\nBaltische Staaten<br>\r\nSlowenien<br>\r\nSkandinavien<br>\r\n<br>\r\n<strong>\u00dcbersetzungsrechte Spiele<\/strong> weltweit<br>\r\n<br>\r\n<strong>Abdruck-\/Nutzungsanfragen B\u00fccher<\/strong> weltweit<br>\r\n<br>\r\n<strong>Foreign Rights Marketing<\/strong><br>\r\n<br>\r\n<strong>Allgemeine Projekte<\/strong><\/p>\n                                    <a href=\"tel:+49 (0) 751 \u2013 86 \u2013 15 34\" class=\"w-full text-base underline text-[#0058A2]  hover:!text-[#002C58]\">+49 (0) 751 \u2013 86 \u2013 15 34<\/a>\n                                    <a href=\"mailto:nadine.alapai@ravensburger.de\" class=\"w-full text-base email underline text-[#0058A2]  hover:!text-[#002C58]\">nadine.alapai@ravensburger.de<\/a>\n                            <\/div>\n    <\/div>\n            <\/div>\n        <\/div>\n    <\/div>\n<\/section>\n\n\n<div class=\"decoration_spacer  hidden md:block mb-32 decoration:mb-0\"><\/div>\n\n\n<div class=\"decoration decoration__wrap to_edge hidden md:block\">\n            <div class=\"alignment--left decoration__wrap__image vertical_alignment--above\">\n            <img decoding=\"async\" src=\"https:\/\/ravensburger-foreignrights.com\/wp-content\/uploads\/2022\/07\/cloud-2.png\"  alt=\"\">\n        <\/div>\n    <\/div>\n\n\n<div class=\"decoration decoration__wrap to_container \">\n            <div class=\"alignment--right decoration__wrap__image vertical_alignment--bellow\">\n            <img decoding=\"async\" src=\"https:\/\/ravensburger-foreignrights.com\/wp-content\/uploads\/2022\/09\/hase.png\"  alt=\"\">\n        <\/div>\n    <\/div>\n\n<section class=\"light\">\n  <div class=\"lg:px-0 accordion bg-[#F2F2F2] py-12 md:py-24\">\n    <div class=\"max-w-screen-fhd mx-auto pt-8 text-left \">\n              <h2 class='headline-element text-left mx-auto !font-primary text-2xl md:text-3xl max-w-screen-md lg:max-w-[660px] text-[#e7000e] mb-4 md:mb-8'><span class=\"headline-orange\">Agenten<\/span><\/h2>        <ul class=\"px-5 list-none accordion_container 2xl:px-16\">\n    \n                      <li class=\" w-full overflow-hidden bg-white tab mb-2 text-brownDark   mx-auto lg:max-w-[660px]\">\n              <h3 class=\"!m-0\">\n                <button class=\"block px-5 py-7 pr-8 mx-auto w-full max-w-screen-md text-base text-left transition duration-300 ease-in-out cursor-pointer md:pr-14 md:pl-6 font-primaryBold\" id=\"tab-1\" role=\"button\" aria-controls=\"panel-1\" aria-expanded=\"false\">\n                  Brasilien                  <svg width=\"19\" height=\"12\" viewBox=\"0 0 19 12\" fill=\"none\" xmlns=\"http:\/\/www.w3.org\/2000\/svg\">\n                    <path d=\"M17.1875 1.59375L9.59375 9.1875L2 1.59375\" stroke=\"black\" stroke-width=\"3\" \/>\n                  <\/svg>\n                <\/button>\n              <\/h3>\n              <div class=\"overflow-hidden tab-content  max-w-screen-md mx-auto px-5 md:px-6\" aria-labelledby=\"tab-1\" aria-expanded=\"false\">\n                <div class=\"wrap \">\n\n                  <div class='text-element text-left text-sm md:text-base text-brown leading-6 mb-6 md:mb-6'><p><span style=\"font-weight: 400;\">Hedi Gn\u00e4dinger Children\u2019s Books<br \/>\n<\/span><a href=\"mailto:hgagentur@gmail.com\">hgagentur@gmail.com<\/a><\/p>\n<\/div>                <\/div>\n              <\/div>\n            <\/li>\n                      <li class=\" w-full overflow-hidden bg-white tab mb-2 text-brownDark   mx-auto lg:max-w-[660px]\">\n              <h3 class=\"!m-0\">\n                <button class=\"block px-5 py-7 pr-8 mx-auto w-full max-w-screen-md text-base text-left transition duration-300 ease-in-out cursor-pointer md:pr-14 md:pl-6 font-primaryBold\" id=\"tab-2\" role=\"button\" aria-controls=\"panel-2\" aria-expanded=\"false\">\n                  China und Taiwan                  <svg width=\"19\" height=\"12\" viewBox=\"0 0 19 12\" fill=\"none\" xmlns=\"http:\/\/www.w3.org\/2000\/svg\">\n                    <path d=\"M17.1875 1.59375L9.59375 9.1875L2 1.59375\" stroke=\"black\" stroke-width=\"3\" \/>\n                  <\/svg>\n                <\/button>\n              <\/h3>\n              <div class=\"overflow-hidden tab-content  max-w-screen-md mx-auto px-5 md:px-6\" aria-labelledby=\"tab-2\" aria-expanded=\"false\">\n                <div class=\"wrap \">\n\n                  <div class='text-element text-left text-sm md:text-base text-brown leading-6 mb-6 md:mb-6'><p><span style=\"font-weight: 400;\">Hercules Business &amp; Culture GmbH (exklusiv)<br \/>\n<\/span><span style=\"font-weight: 400;\">Herr Hongjun Cai<br \/>\n<\/span><a href=\"mailto:cai@hercules-book.de\">cai@hercules-book.de<\/a><\/p>\n<\/div>                <\/div>\n              <\/div>\n            <\/li>\n                      <li class=\" w-full overflow-hidden bg-white tab mb-2 text-brownDark   mx-auto lg:max-w-[660px]\">\n              <h3 class=\"!m-0\">\n                <button class=\"block px-5 py-7 pr-8 mx-auto w-full max-w-screen-md text-base text-left transition duration-300 ease-in-out cursor-pointer md:pr-14 md:pl-6 font-primaryBold\" id=\"tab-3\" role=\"button\" aria-controls=\"panel-3\" aria-expanded=\"false\">\n                  Japan                  <svg width=\"19\" height=\"12\" viewBox=\"0 0 19 12\" fill=\"none\" xmlns=\"http:\/\/www.w3.org\/2000\/svg\">\n                    <path d=\"M17.1875 1.59375L9.59375 9.1875L2 1.59375\" stroke=\"black\" stroke-width=\"3\" \/>\n                  <\/svg>\n                <\/button>\n              <\/h3>\n              <div class=\"overflow-hidden tab-content  max-w-screen-md mx-auto px-5 md:px-6\" aria-labelledby=\"tab-3\" aria-expanded=\"false\">\n                <div class=\"wrap \">\n\n                  <div class='text-element text-left text-sm md:text-base text-brown leading-6 mb-6 md:mb-6'><p>Japan Uni Agency<br \/>\nMs. Maiko Fujinaga<br \/>\n<a href=\"mailto:maiko.fujinaga@japanuni.co.jp\">maiko.fujinaga@japanuni.co.jp<\/a><\/p>\n<\/div>                <\/div>\n              <\/div>\n            <\/li>\n                      <li class=\" w-full overflow-hidden bg-white tab mb-2 text-brownDark   mx-auto lg:max-w-[660px]\">\n              <h3 class=\"!m-0\">\n                <button class=\"block px-5 py-7 pr-8 mx-auto w-full max-w-screen-md text-base text-left transition duration-300 ease-in-out cursor-pointer md:pr-14 md:pl-6 font-primaryBold\" id=\"tab-4\" role=\"button\" aria-controls=\"panel-4\" aria-expanded=\"false\">\n                  Korea                  <svg width=\"19\" height=\"12\" viewBox=\"0 0 19 12\" fill=\"none\" xmlns=\"http:\/\/www.w3.org\/2000\/svg\">\n                    <path d=\"M17.1875 1.59375L9.59375 9.1875L2 1.59375\" stroke=\"black\" stroke-width=\"3\" \/>\n                  <\/svg>\n                <\/button>\n              <\/h3>\n              <div class=\"overflow-hidden tab-content  max-w-screen-md mx-auto px-5 md:px-6\" aria-labelledby=\"tab-4\" aria-expanded=\"false\">\n                <div class=\"wrap \">\n\n                  <div class='text-element text-left text-sm md:text-base text-brown leading-6 mb-6 md:mb-6'><p>Eric Yang Agency<br \/>\n<span style=\"font-weight: 400;\">Sue Yang<br \/>\n<\/span><a href=\"mailto:sueyang@eyagency.com\">sueyang@eyagency.com<\/a><\/p>\n<\/div>                <\/div>\n              <\/div>\n            <\/li>\n                      <li class=\" w-full overflow-hidden bg-white tab mb-2 text-brownDark   mx-auto lg:max-w-[660px]\">\n              <h3 class=\"!m-0\">\n                <button class=\"block px-5 py-7 pr-8 mx-auto w-full max-w-screen-md text-base text-left transition duration-300 ease-in-out cursor-pointer md:pr-14 md:pl-6 font-primaryBold\" id=\"tab-5\" role=\"button\" aria-controls=\"panel-5\" aria-expanded=\"false\">\n                  Polen                  <svg width=\"19\" height=\"12\" viewBox=\"0 0 19 12\" fill=\"none\" xmlns=\"http:\/\/www.w3.org\/2000\/svg\">\n                    <path d=\"M17.1875 1.59375L9.59375 9.1875L2 1.59375\" stroke=\"black\" stroke-width=\"3\" \/>\n                  <\/svg>\n                <\/button>\n              <\/h3>\n              <div class=\"overflow-hidden tab-content  max-w-screen-md mx-auto px-5 md:px-6\" aria-labelledby=\"tab-5\" aria-expanded=\"false\">\n                <div class=\"wrap \">\n\n                  <div class='text-element text-left text-sm md:text-base text-brown leading-6 mb-6 md:mb-6'><p>AKF Agency<br \/>\nAnna Kolendarska-Fidyk<br \/>\n<a href=\"mailto:akf.agency@hot.pl\">akf.agency@hot.pl<\/a><\/p>\n<\/div>                <\/div>\n              <\/div>\n            <\/li>\n                      <li class=\" w-full overflow-hidden bg-white tab mb-2 text-brownDark   mx-auto lg:max-w-[660px]\">\n              <h3 class=\"!m-0\">\n                <button class=\"block px-5 py-7 pr-8 mx-auto w-full max-w-screen-md text-base text-left transition duration-300 ease-in-out cursor-pointer md:pr-14 md:pl-6 font-primaryBold\" id=\"tab-6\" role=\"button\" aria-controls=\"panel-6\" aria-expanded=\"false\">\n                  Rum\u00e4nien                  <svg width=\"19\" height=\"12\" viewBox=\"0 0 19 12\" fill=\"none\" xmlns=\"http:\/\/www.w3.org\/2000\/svg\">\n                    <path d=\"M17.1875 1.59375L9.59375 9.1875L2 1.59375\" stroke=\"black\" stroke-width=\"3\" \/>\n                  <\/svg>\n                <\/button>\n              <\/h3>\n              <div class=\"overflow-hidden tab-content  max-w-screen-md mx-auto px-5 md:px-6\" aria-labelledby=\"tab-6\" aria-expanded=\"false\">\n                <div class=\"wrap \">\n\n                  <div class='text-element text-left text-sm md:text-base text-brown leading-6 mb-6 md:mb-6'><p>Marilena Iovu Literary Agency<br \/>\n<a href=\"mailto:marilena.iovu@literat.ro\">marilena.iovu@literat.ro<\/a><\/p>\n<\/div>                <\/div>\n              <\/div>\n            <\/li>\n                      <li class=\" w-full overflow-hidden bg-white tab mb-2 text-brownDark   mx-auto lg:max-w-[660px]\">\n              <h3 class=\"!m-0\">\n                <button class=\"block px-5 py-7 pr-8 mx-auto w-full max-w-screen-md text-base text-left transition duration-300 ease-in-out cursor-pointer md:pr-14 md:pl-6 font-primaryBold\" id=\"tab-7\" role=\"button\" aria-controls=\"panel-7\" aria-expanded=\"false\">\n                  Russland                  <svg width=\"19\" height=\"12\" viewBox=\"0 0 19 12\" fill=\"none\" xmlns=\"http:\/\/www.w3.org\/2000\/svg\">\n                    <path d=\"M17.1875 1.59375L9.59375 9.1875L2 1.59375\" stroke=\"black\" stroke-width=\"3\" \/>\n                  <\/svg>\n                <\/button>\n              <\/h3>\n              <div class=\"overflow-hidden tab-content  max-w-screen-md mx-auto px-5 md:px-6\" aria-labelledby=\"tab-7\" aria-expanded=\"false\">\n                <div class=\"wrap \">\n\n                  <div class='text-element text-left text-sm md:text-base text-brown leading-6 mb-6 md:mb-6'><p>Maria Schliesser Literaturagentur<br \/>\n<a href=\"mailto:schliesser.maria@gmail.com\">schliesser.maria@gmail.com<\/a><\/p>\n<\/div>                <\/div>\n              <\/div>\n            <\/li>\n                  <\/ul>\n                    <div class=\"accordion__text\">\n          <div class='text-element text-left text-copy'><\/div>        <\/div>\n          <\/div>\n  <\/div>\n<\/section>\n\n\n<div class=\"decoration decoration__wrap to_container \">\n            <div class=\"alignment--left decoration__wrap__image vertical_alignment--middle\">\n            <img decoding=\"async\" src=\"https:\/\/ravensburger-foreignrights.com\/wp-content\/uploads\/2022\/07\/05cloud.png\"  alt=\"\">\n        <\/div>\n    <\/div>\n\n<section class=\"module-spacer bg-spacer-grey dark:bg-dark pt-7 md:pt-10 xl:pt-14\">\n<\/section>\n\n<section class=\"light\">\n  <div class=\"text-paragraph py-primary px-5 text-brown dark:bg-secondaryGrey\">\n          <div class=\"max-w-master mx-auto\">\n        <div class='text-element text-left '><div class=\"newsletter-contact\"><a id=\"newsletter\"><\/a><br \/>\n<iframe title=\"Hier kann unser Newsletter abonniert werden\" data-w-type=\"embedded\" frameborder=\"0\" scrolling=\"no\" marginheight=\"0\" marginwidth=\"0\" src=https:\/\/0xnqz.mjt.lu\/wgt\/0xnqz\/5ts\/form?c=360ba8cd width=\"100%\"><\/iframe><br \/>\n<script type=\"text\/javascript\" src=https:\/\/app.mailjet.com\/pas-nc-embedded-v1.js><\/script><\/p>\n<\/div>\n<\/div>      <\/div>\n      <\/div>\n<\/section>\n\n<section class=\"light\">\n    <div class=\"dark:text-white dark:bg-dark\">\n        <div class=\"max-w-screen-xl px-5   container py-primary mx-auto text-image\">\n            <div class=\"mx-auto grid text-copy  md:grid-cols-2 gap-x-10 text-left\">\n                <div class=\"text-image__image mb-0 order-1 mt-4 md:mt-8\"> <img loading=\"lazy\" decoding=\"async\" width=\"900\" height=\"599\" src=\"https:\/\/ravensburger-foreignrights.com\/wp-content\/uploads\/2022\/09\/03_Ravensburger_Gebaude-und-Logo.png\" class=\"z-10\" alt=\"\" srcset=\"https:\/\/ravensburger-foreignrights.com\/wp-content\/uploads\/2022\/09\/03_Ravensburger_Gebaude-und-Logo.png 900w, https:\/\/ravensburger-foreignrights.com\/wp-content\/uploads\/2022\/09\/03_Ravensburger_Gebaude-und-Logo-300x200.png 300w, https:\/\/ravensburger-foreignrights.com\/wp-content\/uploads\/2022\/09\/03_Ravensburger_Gebaude-und-Logo-768x511.png 768w\" sizes=\"auto, (max-width: 900px) 100vw, 900px\" \/>                                    <\/div>\n                <div class=\"text-image__col1 py-4 lg:py-10 flex flex-col justify-center left\">\n                    <h2 class='headline-element text-left mb-4 md:mb-8 !text-primaryBlue !text-left !mx-[unset] !mb-0'><h2 class=\"font-primaryMedium !text-primaryBlue\"> Ravensburger Verlag<\/h2><\/h2><div class='text-element text-left text-brown'><p>&nbsp;<\/p>\n<p style=\"text-align: left;\">Der Ravensburger Verlag publiziert B\u00fccher f\u00fcr junge Leser aller Altersgruppen. Das blaue Dreieck garantiert beste Qualit\u00e4t, angefangen von Bilderb\u00fcchern f\u00fcr die ganz Kleinen, \u00fcber B\u00fccher f\u00fcr Leseanf\u00e4nger bis zu Romanen f\u00fcr junge Leser und Sachb\u00fccher f\u00fcr Kinder. Wir ver\u00f6ffentlichen rund 400 B\u00fccher im Jahr, gesamt sind \u00fcber 1.900 Titel erh\u00e4ltlich.<\/p>\n<p style=\"text-align: left;\">Ravensburger B\u00fccher machen Spa\u00df beim Lesen und Durchbl\u00e4ttern, regen die Phantasie an und f\u00f6rdern die kindliche Entwicklung. Wir legen auch gro\u00dfen Wert auf eine hohe Materialqualit\u00e4t der B\u00fccher.<\/p>\n<p style=\"text-align: left;\">Mehr Informationen \u00fcber Ravensburger finden Sie <a href=\"https:\/\/www.ravensburger-gruppe.de\/en\/start\/index.html\">hier<\/a>.<\/p>\n<\/div>     \n                <\/div>\n                            <\/div>\n        <\/div>\n    <\/div>\n\n<section class=\"module-spacer bg-transparent dark:bg-dark pt-7 md:pt-10 xl:pt-14\">\n<\/section>","protected":false},"excerpt":{"rendered":"","protected":false},"author":1,"featured_media":8993,"parent":0,"menu_order":0,"comment_status":"closed","ping_status":"closed","template":"","meta":{"_acf_changed":false,"footnotes":""},"class_list":["post-1381","page","type-page","status-publish","has-post-thumbnail","hentry"],"acf":[],"jetpack_sharing_enabled":true,"_links":{"self":[{"href":"https:\/\/ravensburger-foreignrights.com\/de\/wp-json\/wp\/v2\/pages\/1381","targetHints":{"allow":["GET"]}}],"collection":[{"href":"https:\/\/ravensburger-foreignrights.com\/de\/wp-json\/wp\/v2\/pages"}],"about":[{"href":"https:\/\/ravensburger-foreignrights.com\/de\/wp-json\/wp\/v2\/types\/page"}],"author":[{"embeddable":true,"href":"https:\/\/ravensburger-foreignrights.com\/de\/wp-json\/wp\/v2\/users\/1"}],"replies":[{"embeddable":true,"href":"https:\/\/ravensburger-foreignrights.com\/de\/wp-json\/wp\/v2\/comments?post=1381"}],"version-history":[{"count":100,"href":"https:\/\/ravensburger-foreignrights.com\/de\/wp-json\/wp\/v2\/pages\/1381\/revisions"}],"predecessor-version":[{"id":14917,"href":"https:\/\/ravensburger-foreignrights.com\/de\/wp-json\/wp\/v2\/pages\/1381\/revisions\/14917"}],"wp:featuredmedia":[{"embeddable":true,"href":"https:\/\/ravensburger-foreignrights.com\/de\/wp-json\/wp\/v2\/media\/8993"}],"wp:attachment":[{"href":"https:\/\/ravensburger-foreignrights.com\/de\/wp-json\/wp\/v2\/media?parent=1381"}],"curies":[{"name":"wp","href":"https:\/\/api.w.org\/{rel}","templated":true}]}}